{"id":49,"date":"2026-03-18T11:10:48","date_gmt":"2026-03-18T11:10:48","guid":{"rendered":"https:\/\/wybexal.digital\/?page_id=49"},"modified":"2026-03-18T11:10:52","modified_gmt":"2026-03-18T11:10:52","slug":"allgemeine-geschaeftsbedingungen-agb-jugendschutz","status":"publish","type":"page","link":"https:\/\/wybexal.digital\/?page_id=49","title":{"rendered":"Allgemeine Gesch\u00e4ftsbedingungen (AGB) &amp; Jugendschutz"},"content":{"rendered":"\n<p>Diese AGB regeln das Vertragsverh\u00e4ltnis zwischen Ahmet Emin Elbir (wybexal) und den Mitgliedern des Weinclubs bez\u00fcglich des Kaufs und der Lieferung von Wein-Abonnements und Einzelflaschen.<\/p>\n\n\n\n<p><strong>\u00a7 1 JUGENDSCHUTZ (STRIKTES ALTERSLIMIT)<\/strong> Das Angebot von wybexal richtet sich ausschlie\u00dflich an vollj\u00e4hrige Personen. Mit der Bestellung versichern Sie, dass Sie das 18. Lebensjahr vollendet haben. Die Zustellung der Weine erfolgt in Deutschland ausschlie\u00dflich durch einen Versanddienstleister mit dem Service &#8222;Alterssichtpr\u00fcfung 18+&#8220;. Eine \u00dcbergabe an Minderj\u00e4hrige oder Nachbarn ohne Altersnachweis ist vertraglich ausgeschlossen.<\/p>\n\n\n\n<p><strong>\u00a7 2 VERTRAGSSCHLUSS UND CLUB-ABONNEMENT<\/strong> Die Pr\u00e4sentation der Weine auf unserer Website stellt kein rechtlich bindendes Angebot dar. Der Vertrag f\u00fcr eine Club-Mitgliedschaft oder eine Einzelbestellung kommt erst durch unsere Best\u00e4tigungs-E-Mail zustande. Die monatliche Weinbox wird jeweils in der ersten Woche des Monats versendet.<\/p>\n\n\n\n<p><strong>\u00a7 3 PREISE UND EIGENTUMSVORBEHALT<\/strong> Alle angegebenen Preise sind Endpreise und enthalten die gesetzliche deutsche Mehrwertsteuer. Die gelieferten Weine bleiben bis zur vollst\u00e4ndigen Bezahlung aller Forderungen aus dem Mitgliedschaftsvertrag im Eigentum von Ahmet Emin Elbir.<\/p>\n\n\n\n<p><strong>\u00a7 4 QUALIT\u00c4T UND KORKENSCHMECKER<\/strong> Wein ist ein Naturprodukt. Weinsteinbildung oder leichte Depotbildung (insbesondere bei unfiltrierten Rotweinen) stellen keinen Mangel dar. Sollte ein Wein einen offensichtlichen Korkfehler aufweisen, kontaktieren Sie uns bitte umgehend. Wir pr\u00fcfen den Fall und sorgen f\u00fcr entsprechenden Ersatz in Ihrer n\u00e4chsten Club-Box.<\/p>\n","protected":false},"excerpt":{"rendered":"<p>Diese AGB regeln das Vertragsverh\u00e4ltnis zwischen Ahmet Emin Elbir (wybexal) und den Mitgliedern des Weinclubs<\/p>\n","protected":false},"author":1,"featured_media":0,"parent":0,"menu_order":8,"comment_status":"closed","ping_status":"closed","template":"","meta":{"footnotes":""},"class_list":["post-49","page","type-page","status-publish","hentry"],"_links":{"self":[{"href":"https:\/\/wybexal.digital\/index.php?rest_route=\/wp\/v2\/pages\/49","targetHints":{"allow":["GET"]}}],"collection":[{"href":"https:\/\/wybexal.digital\/index.php?rest_route=\/wp\/v2\/pages"}],"about":[{"href":"https:\/\/wybexal.digital\/index.php?rest_route=\/wp\/v2\/types\/page"}],"author":[{"embeddable":true,"href":"https:\/\/wybexal.digital\/index.php?rest_route=\/wp\/v2\/users\/1"}],"replies":[{"embeddable":true,"href":"https:\/\/wybexal.digital\/index.php?rest_route=%2Fwp%2Fv2%2Fcomments&post=49"}],"version-history":[{"count":1,"href":"https:\/\/wybexal.digital\/index.php?rest_route=\/wp\/v2\/pages\/49\/revisions"}],"predecessor-version":[{"id":50,"href":"https:\/\/wybexal.digital\/index.php?rest_route=\/wp\/v2\/pages\/49\/revisions\/50"}],"wp:attachment":[{"href":"https:\/\/wybexal.digital\/index.php?rest_route=%2Fwp%2Fv2%2Fmedia&parent=49"}],"curies":[{"name":"wp","href":"https:\/\/api.w.org\/{rel}","templated":true}]}}