{"id":51,"date":"2026-03-18T11:11:00","date_gmt":"2026-03-18T11:11:00","guid":{"rendered":"https:\/\/wybexal.digital\/?page_id=51"},"modified":"2026-03-18T11:11:07","modified_gmt":"2026-03-18T11:11:07","slug":"widerrufsbelehrung-fuer-verbraucher","status":"publish","type":"page","link":"https:\/\/wybexal.digital\/?page_id=51","title":{"rendered":"Widerrufsbelehrung F\u00fcr Verbraucher"},"content":{"rendered":"\n<p>Als Verbraucher haben Sie das Recht, Ihre Club-Mitgliedschaft oder Einzelbestellung bei <strong>wybexal<\/strong> nach den gesetzlichen Bestimmungen f\u00fcr den Fernabsatz zu widerrufen.<\/p>\n\n\n\n<p><strong>WIDERRUFSRECHT<\/strong> Sie haben das Recht, binnen vierzehn Tagen ohne Angabe von Gr\u00fcnden diesen Vertrag zu widerrufen. Die Widerrufsfrist betr\u00e4gt vierzehn Tage ab dem Tag, an dem Sie oder ein von Ihnen benannter Dritter die erste Weinlieferung in Besitz genommen haben. Um Ihr Widerrufsrecht auszu\u00fcben, m\u00fcssen Sie uns (Ahmet Emin Elbir, Kurf\u00fcrstenstra\u00dfe 1, 36381 Schl\u00fcchtern, E-Mail: <strong>support@wybexal.digital<\/strong>) mittels einer eindeutigen Erkl\u00e4rung \u00fcber Ihren Entschluss informieren.<\/p>\n\n\n\n<p><strong>FOLGEN DES WIDERRUFS<\/strong> Wenn Sie diesen Vertrag widerrufen, haben wir Ihnen alle Zahlungen unverz\u00fcglich und sp\u00e4testens binnen vierzehn Tagen ab dem Tag zur\u00fcckzuzahlen, an dem die Mitteilung \u00fcber Ihren Widerruf bei uns eingegangen ist. <em>Achtung bei Lebensmitteln\/Wein:<\/em> Sie m\u00fcssen die Weine unverz\u00fcglich an uns zur\u00fccksenden. Die Frist ist gewahrt, wenn Sie die Weine vor Ablauf der Frist von vierzehn Tagen absenden. Sie tragen die unmittelbaren Kosten der R\u00fccksendung. Das Widerrufsrecht erlischt vorzeitig bei Weinflaschen, deren Versiegelung (Kapsel\/Korken) nach der Lieferung entfernt oder besch\u00e4digt wurde, da diese aus Gr\u00fcnden des Gesundheitsschutzes und der Hygiene nicht zur R\u00fcckgabe geeignet sind.<\/p>\n","protected":false},"excerpt":{"rendered":"<p>Als Verbraucher haben Sie das Recht, Ihre Club-Mitgliedschaft oder Einzelbestellung bei wybexal nach den gesetzlichen<\/p>\n","protected":false},"author":1,"featured_media":0,"parent":0,"menu_order":9,"comment_status":"closed","ping_status":"closed","template":"","meta":{"footnotes":""},"class_list":["post-51","page","type-page","status-publish","hentry"],"_links":{"self":[{"href":"https:\/\/wybexal.digital\/index.php?rest_route=\/wp\/v2\/pages\/51","targetHints":{"allow":["GET"]}}],"collection":[{"href":"https:\/\/wybexal.digital\/index.php?rest_route=\/wp\/v2\/pages"}],"about":[{"href":"https:\/\/wybexal.digital\/index.php?rest_route=\/wp\/v2\/types\/page"}],"author":[{"embeddable":true,"href":"https:\/\/wybexal.digital\/index.php?rest_route=\/wp\/v2\/users\/1"}],"replies":[{"embeddable":true,"href":"https:\/\/wybexal.digital\/index.php?rest_route=%2Fwp%2Fv2%2Fcomments&post=51"}],"version-history":[{"count":1,"href":"https:\/\/wybexal.digital\/index.php?rest_route=\/wp\/v2\/pages\/51\/revisions"}],"predecessor-version":[{"id":52,"href":"https:\/\/wybexal.digital\/index.php?rest_route=\/wp\/v2\/pages\/51\/revisions\/52"}],"wp:attachment":[{"href":"https:\/\/wybexal.digital\/index.php?rest_route=%2Fwp%2Fv2%2Fmedia&parent=51"}],"curies":[{"name":"wp","href":"https:\/\/api.w.org\/{rel}","templated":true}]}}